{"id":306,"date":"2024-10-17T12:33:02","date_gmt":"2024-10-17T10:33:02","guid":{"rendered":"https:\/\/logilize.com\/pagina-di-esempio\/"},"modified":"2025-12-19T10:43:29","modified_gmt":"2025-12-19T08:43:29","slug":"pagina-di-esempio","status":"publish","type":"page","link":"https:\/\/logilize.com\/en\/pagina-di-esempio\/","title":{"rendered":"Pagina di esempio"},"content":{"rendered":"\n<p>Questa \u00e8 una pagina di esempio. \u00c8 diversa da un post del blog perch\u00e9 rimarr\u00e0 in un posto e apparir\u00e0 nella navigazione del tuo sito (nella maggior parte dei temi). La maggior parte delle persone inizia con una pagina Informazioni che li presenta ai potenziali visitatori del sito. Potrebbe dire qualcosa del genere:<\/p>\n\n<blockquote class=\"wp-block-quote is-layout-flow wp-block-quote-is-layout-flow\"><p>Ciao! Sono un corriere in bicicletta di giorno, aspirante attore di notte, e questo \u00e8 il mio sito web. Vivo a Los Angeles, ho un fantastico cane di nome Jack e mi piacciono le pi\u00f1a coladas. (E essere sorpreso dalla pioggia.)<\/p><\/blockquote>\n\n<p>&#8230;o qualcosa del genere:<\/p>\n\n<blockquote class=\"wp-block-quote is-layout-flow wp-block-quote-is-layout-flow\"><p>La XYZ Doohickey Company \u00e8 stata fondata nel 1971 e da allora fornisce doohickey di qualit\u00e0 al pubblico. Situata a Gotham City, XYZ impiega oltre 2.000 persone e fa ogni tipo di cose straordinarie per la comunit\u00e0 di Gotham.<\/p><\/blockquote>\n\n<p>Come nuovo utente di WordPress, dovresti andare al <a href=\"https:\/\/logilize.com\/wp-admin\/\">tuo pannello di controllo<\/a> per eliminare questa pagina e creare nuove pagine per i tuoi contenuti. Divertiti!<\/p>\n","protected":false},"excerpt":{"rendered":"<p>Questa \u00e8 una pagina di esempio. \u00c8 diversa da un post del blog perch\u00e9 rimarr\u00e0 in un posto e apparir\u00e0 nella navigazione del tuo sito (nella maggior parte dei temi). La maggior parte delle persone inizia con una pagina Informazioni che li presenta ai potenziali visitatori del sito. Potrebbe dire qualcosa del genere: Ciao! Sono [&hellip;]<\/p>\n","protected":false},"author":1,"featured_media":0,"parent":0,"menu_order":0,"comment_status":"closed","ping_status":"open","template":"","meta":{"footnotes":""},"class_list":["post-306","page","type-page","status-publish","hentry"],"yoast_head":"<!-- This site is optimized with the Yoast SEO plugin v27.3 - https:\/\/yoast.com\/product\/yoast-seo-wordpress\/ -->\n<title>Pagina di esempio - Logilize<\/title>\n<meta name=\"robots\" content=\"index, follow, max-snippet:-1, max-image-preview:large, max-video-preview:-1\" \/>\n<link rel=\"canonical\" href=\"https:\/\/logilize.com\/en\/pagina-di-esempio\/\" \/>\n<meta property=\"og:locale\" content=\"en_US\" \/>\n<meta property=\"og:type\" content=\"article\" \/>\n<meta property=\"og:title\" content=\"Pagina di esempio - Logilize\" \/>\n<meta property=\"og:description\" content=\"Questa \u00e8 una pagina di esempio. \u00c8 diversa da un post del blog perch\u00e9 rimarr\u00e0 in un posto e apparir\u00e0 nella navigazione del tuo sito (nella maggior parte dei temi). La maggior parte delle persone inizia con una pagina Informazioni che li presenta ai potenziali visitatori del sito. Potrebbe dire qualcosa del genere: Ciao! Sono [&hellip;]\" \/>\n<meta property=\"og:url\" content=\"https:\/\/logilize.com\/en\/pagina-di-esempio\/\" \/>\n<meta property=\"og:site_name\" content=\"Logilize\" \/>\n<meta property=\"article:modified_time\" content=\"2025-12-19T08:43:29+00:00\" \/>\n<meta name=\"twitter:card\" content=\"summary_large_image\" \/>\n<meta name=\"twitter:label1\" content=\"Est. reading time\" \/>\n\t<meta name=\"twitter:data1\" content=\"1 minute\" \/>\n<script type=\"application\/ld+json\" class=\"yoast-schema-graph\">{\"@context\":\"https:\\\/\\\/schema.org\",\"@graph\":[{\"@type\":\"WebPage\",\"@id\":\"https:\\\/\\\/logilize.com\\\/en\\\/pagina-di-esempio\\\/\",\"url\":\"https:\\\/\\\/logilize.com\\\/en\\\/pagina-di-esempio\\\/\",\"name\":\"Pagina di esempio - Logilize\",\"isPartOf\":{\"@id\":\"https:\\\/\\\/logilize.com\\\/en\\\/#website\"},\"datePublished\":\"2024-10-17T10:33:02+00:00\",\"dateModified\":\"2025-12-19T08:43:29+00:00\",\"breadcrumb\":{\"@id\":\"https:\\\/\\\/logilize.com\\\/en\\\/pagina-di-esempio\\\/#breadcrumb\"},\"inLanguage\":\"en-US\",\"potentialAction\":[{\"@type\":\"ReadAction\",\"target\":[\"https:\\\/\\\/logilize.com\\\/en\\\/pagina-di-esempio\\\/\"]}]},{\"@type\":\"BreadcrumbList\",\"@id\":\"https:\\\/\\\/logilize.com\\\/en\\\/pagina-di-esempio\\\/#breadcrumb\",\"itemListElement\":[{\"@type\":\"ListItem\",\"position\":1,\"name\":\"Home\",\"item\":\"https:\\\/\\\/logilize.com\\\/en\\\/\"},{\"@type\":\"ListItem\",\"position\":2,\"name\":\"Pagina di esempio\"}]},{\"@type\":\"WebSite\",\"@id\":\"https:\\\/\\\/logilize.com\\\/en\\\/#website\",\"url\":\"https:\\\/\\\/logilize.com\\\/en\\\/\",\"name\":\"Logilize\",\"description\":\"\",\"potentialAction\":[{\"@type\":\"SearchAction\",\"target\":{\"@type\":\"EntryPoint\",\"urlTemplate\":\"https:\\\/\\\/logilize.com\\\/en\\\/?s={search_term_string}\"},\"query-input\":{\"@type\":\"PropertyValueSpecification\",\"valueRequired\":true,\"valueName\":\"search_term_string\"}}],\"inLanguage\":\"en-US\"}]}<\/script>\n<!-- \/ Yoast SEO plugin. -->","yoast_head_json":{"title":"Pagina di esempio - Logilize","robots":{"index":"index","follow":"follow","max-snippet":"max-snippet:-1","max-image-preview":"max-image-preview:large","max-video-preview":"max-video-preview:-1"},"canonical":"https:\/\/logilize.com\/en\/pagina-di-esempio\/","og_locale":"en_US","og_type":"article","og_title":"Pagina di esempio - Logilize","og_description":"Questa \u00e8 una pagina di esempio. \u00c8 diversa da un post del blog perch\u00e9 rimarr\u00e0 in un posto e apparir\u00e0 nella navigazione del tuo sito (nella maggior parte dei temi). La maggior parte delle persone inizia con una pagina Informazioni che li presenta ai potenziali visitatori del sito. Potrebbe dire qualcosa del genere: Ciao! Sono [&hellip;]","og_url":"https:\/\/logilize.com\/en\/pagina-di-esempio\/","og_site_name":"Logilize","article_modified_time":"2025-12-19T08:43:29+00:00","twitter_card":"summary_large_image","twitter_misc":{"Est. reading time":"1 minute"},"schema":{"@context":"https:\/\/schema.org","@graph":[{"@type":"WebPage","@id":"https:\/\/logilize.com\/en\/pagina-di-esempio\/","url":"https:\/\/logilize.com\/en\/pagina-di-esempio\/","name":"Pagina di esempio - Logilize","isPartOf":{"@id":"https:\/\/logilize.com\/en\/#website"},"datePublished":"2024-10-17T10:33:02+00:00","dateModified":"2025-12-19T08:43:29+00:00","breadcrumb":{"@id":"https:\/\/logilize.com\/en\/pagina-di-esempio\/#breadcrumb"},"inLanguage":"en-US","potentialAction":[{"@type":"ReadAction","target":["https:\/\/logilize.com\/en\/pagina-di-esempio\/"]}]},{"@type":"BreadcrumbList","@id":"https:\/\/logilize.com\/en\/pagina-di-esempio\/#breadcrumb","itemListElement":[{"@type":"ListItem","position":1,"name":"Home","item":"https:\/\/logilize.com\/en\/"},{"@type":"ListItem","position":2,"name":"Pagina di esempio"}]},{"@type":"WebSite","@id":"https:\/\/logilize.com\/en\/#website","url":"https:\/\/logilize.com\/en\/","name":"Logilize","description":"","potentialAction":[{"@type":"SearchAction","target":{"@type":"EntryPoint","urlTemplate":"https:\/\/logilize.com\/en\/?s={search_term_string}"},"query-input":{"@type":"PropertyValueSpecification","valueRequired":true,"valueName":"search_term_string"}}],"inLanguage":"en-US"}]}},"_links":{"self":[{"href":"https:\/\/logilize.com\/en\/wp-json\/wp\/v2\/pages\/306","targetHints":{"allow":["GET"]}}],"collection":[{"href":"https:\/\/logilize.com\/en\/wp-json\/wp\/v2\/pages"}],"about":[{"href":"https:\/\/logilize.com\/en\/wp-json\/wp\/v2\/types\/page"}],"author":[{"embeddable":true,"href":"https:\/\/logilize.com\/en\/wp-json\/wp\/v2\/users\/1"}],"replies":[{"embeddable":true,"href":"https:\/\/logilize.com\/en\/wp-json\/wp\/v2\/comments?post=306"}],"version-history":[{"count":1,"href":"https:\/\/logilize.com\/en\/wp-json\/wp\/v2\/pages\/306\/revisions"}],"predecessor-version":[{"id":307,"href":"https:\/\/logilize.com\/en\/wp-json\/wp\/v2\/pages\/306\/revisions\/307"}],"wp:attachment":[{"href":"https:\/\/logilize.com\/en\/wp-json\/wp\/v2\/media?parent=306"}],"curies":[{"name":"wp","href":"https:\/\/api.w.org\/{rel}","templated":true}]}}